{"id":44,"date":"2023-05-23T17:28:48","date_gmt":"2023-05-23T17:28:48","guid":{"rendered":"http:\/\/asveppelheim1959.de\/?page_id=44"},"modified":"2023-12-07T17:26:15","modified_gmt":"2023-12-07T17:26:15","slug":"vereinsheim-und-angelgewaesser","status":"publish","type":"page","link":"https:\/\/asveppelheim1959.de\/start\/vereinsheim-und-angelgewaesser\/","title":{"rendered":"Vereinsheim und Angelgew\u00e4sser"},"content":{"rendered":"\t\t<div data-elementor-type=\"wp-page\" data-elementor-id=\"44\" class=\"elementor elementor-44\">\n\t\t\t\t<div class=\"elementor-element elementor-element-c0d5ecb e-flex e-con-boxed e-con e-parent\" data-id=\"c0d5ecb\" data-element_type=\"container\" data-e-type=\"container\" data-settings=\"{&quot;background_background&quot;:&quot;classic&quot;}\">\n\t\t\t\t\t<div class=\"e-con-inner\">\n\t\t\t\t<div class=\"elementor-element elementor-element-66446a4 elementor-widget elementor-widget-heading\" data-id=\"66446a4\" data-element_type=\"widget\" data-e-type=\"widget\" data-widget_type=\"heading.default\">\n\t\t\t\t<div class=\"elementor-widget-container\">\n\t\t\t\t\t<h2 class=\"elementor-heading-title elementor-size-default\"><u>Das Vereinsheim<\/u> <br><\/h2>\t\t\t\t<\/div>\n\t\t\t\t<\/div>\n\t\t\t\t<div class=\"elementor-element elementor-element-c6dc81b elementor-widget elementor-widget-google_maps\" data-id=\"c6dc81b\" data-element_type=\"widget\" data-e-type=\"widget\" data-widget_type=\"google_maps.default\">\n\t\t\t\t<div class=\"elementor-widget-container\">\n\t\t\t\t\t\t\t<div class=\"elementor-custom-embed\">\n\t\t\t<iframe loading=\"lazy\"\n\t\t\t\t\tsrc=\"https:\/\/maps.google.com\/maps?q=Schwetzingerstra%C3%9Fe%2031%2F1%20Eppelheim&#038;t=m&#038;z=10&#038;output=embed&#038;iwloc=near\"\n\t\t\t\t\ttitle=\"Schwetzingerstra\u00dfe 31\/1 Eppelheim\"\n\t\t\t\t\taria-label=\"Schwetzingerstra\u00dfe 31\/1 Eppelheim\"\n\t\t\t><\/iframe>\n\t\t<\/div>\n\t\t\t\t\t\t<\/div>\n\t\t\t\t<\/div>\n\t\t\t\t<div class=\"elementor-element elementor-element-3504ea4 elementor-widget elementor-widget-text-editor\" data-id=\"3504ea4\" data-element_type=\"widget\" data-e-type=\"widget\" data-widget_type=\"text-editor.default\">\n\t\t\t\t<div class=\"elementor-widget-container\">\n\t\t\t\t\t\t\t\t\t<p class=\"font_9\">Das Vereinsheim des ASV Eppelheim befindet sich in Ortsrandlage der Stadt Eppelheim. Es wurde von den Mitgliedern \u00fcber Jahre hinweg ausgebaut und besteht in seinen Grundz\u00fcgen so bis heute.&nbsp;<\/p><p class=\"font_9\"><span style=\"background-color: var( --e-global-color-2d4b7b0 ); color: var( --e-global-color-e27b02d ); font-size: 14px; text-align: var(--text-align);\">In unserem Vereinsheim findet j\u00e4hrlich am Karfreitag traditionell das Backfischessen statt. Dabei bereiten wir frisch gebackenen Zander\/Seehecht\/Calamares Ringe und Kartoffelsalat zu. F\u00fcr gek\u00fchlte Getr\u00e4nke ist nat\u00fcrlich immer gesorgt.<\/span><\/p>\n<p class=\"font_9\">Schauen Sie doch mal vorbei!<\/p>\n<p class=\"font_9\">\n<\/p>\t\t\t\t\t\t\t\t<\/div>\n\t\t\t\t<\/div>\n\t\t\t\t\t<\/div>\n\t\t\t\t<\/div>\n\t\t<div class=\"elementor-element elementor-element-8fa3ce0 e-flex e-con-boxed e-con e-parent\" data-id=\"8fa3ce0\" data-element_type=\"container\" data-e-type=\"container\" data-settings=\"{&quot;background_background&quot;:&quot;classic&quot;}\">\n\t\t\t\t\t<div class=\"e-con-inner\">\n\t\t\t\t<div class=\"elementor-element elementor-element-da7e479 elementor-widget elementor-widget-heading\" data-id=\"da7e479\" data-element_type=\"widget\" data-e-type=\"widget\" data-widget_type=\"heading.default\">\n\t\t\t\t<div class=\"elementor-widget-container\">\n\t\t\t\t\t<h2 class=\"elementor-heading-title elementor-size-default\"><a href=\"https:\/\/www.google.com\/maps\/place\/Angelgew%C3%A4sser+ASV+Fr%C3%BCh-Auf+Eppelheim\/@49.4067588,8.4898108,14.48z\/data=!4m10!1m2!2m1!1sangelgew%C3%A4sser+eppelheim!3m6!1s0x4797c9af19fa1487:0xfc15ee82342f234a!8m2!3d49.4057556!4d8.5085388!15sChhhbmdlbGdld8Okc3NlciBlcHBlbGhlaW2SAQtzcG9ydHNfY2x1YuABAA!16s%2Fg%2F11stzc6k1z?entry=ttu\"><u>Unser Angelgew\u00e4sser<\/u><\/a><\/h2>\t\t\t\t<\/div>\n\t\t\t\t<\/div>\n\t\t\t\t\t<\/div>\n\t\t\t\t<\/div>\n\t\t<div class=\"elementor-element elementor-element-6ab1bb3 e-flex e-con-boxed e-con e-parent\" data-id=\"6ab1bb3\" data-element_type=\"container\" data-e-type=\"container\" data-settings=\"{&quot;background_background&quot;:&quot;classic&quot;}\">\n\t\t\t\t\t<div class=\"e-con-inner\">\n\t\t\t\t<div class=\"elementor-element elementor-element-32198c8 elementor-widget elementor-widget-image\" data-id=\"32198c8\" data-element_type=\"widget\" data-e-type=\"widget\" data-widget_type=\"image.default\">\n\t\t\t\t<div class=\"elementor-widget-container\">\n\t\t\t\t\t\t\t\t\t\t\t\t\t\t\t<img fetchpriority=\"high\" decoding=\"async\" width=\"1024\" height=\"768\" src=\"https:\/\/asveppelheim1959.de\/wp-content\/uploads\/2023\/05\/WhatsApp-Image-2023-05-24-at-01.00.09.jpeg\" class=\"attachment-large size-large wp-image-158\" alt=\"\" srcset=\"https:\/\/asveppelheim1959.de\/wp-content\/uploads\/2023\/05\/WhatsApp-Image-2023-05-24-at-01.00.09.jpeg 1024w, https:\/\/asveppelheim1959.de\/wp-content\/uploads\/2023\/05\/WhatsApp-Image-2023-05-24-at-01.00.09-300x225.jpeg 300w, https:\/\/asveppelheim1959.de\/wp-content\/uploads\/2023\/05\/WhatsApp-Image-2023-05-24-at-01.00.09-768x576.jpeg 768w\" sizes=\"(max-width: 1024px) 100vw, 1024px\" \/>\t\t\t\t\t\t\t\t\t\t\t\t\t\t\t<\/div>\n\t\t\t\t<\/div>\n\t\t\t\t<div class=\"elementor-element elementor-element-dd46eb3 elementor-widget elementor-widget-text-editor\" data-id=\"dd46eb3\" data-element_type=\"widget\" data-e-type=\"widget\" data-widget_type=\"text-editor.default\">\n\t\t\t\t<div class=\"elementor-widget-container\">\n\t\t\t\t\t\t\t\t\t<p><a href=\"https:\/\/www.google.com\/maps\/place\/Angelgew%C3%A4sser+ASV+Fr%C3%BCh-Auf+Eppelheim\/@49.4067588,8.4898108,14.48z\/data=!4m10!1m2!2m1!1sangelgew%C3%A4sser+eppelheim!3m6!1s0x4797c9af19fa1487:0xfc15ee82342f234a!8m2!3d49.4057556!4d8.5085388!15sChhhbmdlbGdld8Okc3NlciBlcHBlbGhlaW2SAQtzcG9ydHNfY2x1YuABAA!16s%2Fg%2F11stzc6k1z?entry=ttu\">Link zum See<\/a><\/p>\t\t\t\t\t\t\t\t<\/div>\n\t\t\t\t<\/div>\n\t\t\t\t\t<\/div>\n\t\t\t\t<\/div>\n\t\t\t\t<\/div>\n\t\t","protected":false},"excerpt":{"rendered":"<p>Das Vereinsheim Das Vereinsheim des ASV Eppelheim befindet sich in Ortsrandlage der Stadt Eppelheim. Es wurde von den Mitgliedern \u00fcber Jahre hinweg ausgebaut und besteht in seinen Grundz\u00fcgen so bis heute.&nbsp; In unserem Vereinsheim findet j\u00e4hrlich am Karfreitag traditionell das Backfischessen statt. Dabei bereiten wir frisch gebackenen Zander\/Seehecht\/Calamares Ringe und Kartoffelsalat zu. F\u00fcr gek\u00fchlte Getr\u00e4nke [&hellip;]<\/p>\n","protected":false},"author":1,"featured_media":0,"parent":0,"menu_order":0,"comment_status":"closed","ping_status":"closed","template":"","meta":{"ocean_post_layout":"full-screen","ocean_both_sidebars_style":"","ocean_both_sidebars_content_width":0,"ocean_both_sidebars_sidebars_width":0,"ocean_sidebar":"0","ocean_second_sidebar":"0","ocean_disable_margins":"enable","ocean_add_body_class":"","ocean_shortcode_before_top_bar":"","ocean_shortcode_after_top_bar":"","ocean_shortcode_before_header":"","ocean_shortcode_after_header":"","ocean_has_shortcode":"","ocean_shortcode_after_title":"","ocean_shortcode_before_footer_widgets":"","ocean_shortcode_after_footer_widgets":"","ocean_shortcode_before_footer_bottom":"","ocean_shortcode_after_footer_bottom":"","ocean_display_top_bar":"off","ocean_display_header":"default","ocean_header_style":"","ocean_center_header_left_menu":"0","ocean_custom_header_template":"0","ocean_custom_logo":0,"ocean_custom_retina_logo":0,"ocean_custom_logo_max_width":0,"ocean_custom_logo_tablet_max_width":0,"ocean_custom_logo_mobile_max_width":0,"ocean_custom_logo_max_height":0,"ocean_custom_logo_tablet_max_height":0,"ocean_custom_logo_mobile_max_height":0,"ocean_header_custom_menu":"0","ocean_menu_typo_font_family":"0","ocean_menu_typo_font_subset":"","ocean_menu_typo_font_size":0,"ocean_menu_typo_font_size_tablet":0,"ocean_menu_typo_font_size_mobile":0,"ocean_menu_typo_font_size_unit":"px","ocean_menu_typo_font_weight":"","ocean_menu_typo_font_weight_tablet":"","ocean_menu_typo_font_weight_mobile":"","ocean_menu_typo_transform":"","ocean_menu_typo_transform_tablet":"","ocean_menu_typo_transform_mobile":"","ocean_menu_typo_line_height":0,"ocean_menu_typo_line_height_tablet":0,"ocean_menu_typo_line_height_mobile":0,"ocean_menu_typo_line_height_unit":"","ocean_menu_typo_spacing":0,"ocean_menu_typo_spacing_tablet":0,"ocean_menu_typo_spacing_mobile":0,"ocean_menu_typo_spacing_unit":"","ocean_menu_link_color":"","ocean_menu_link_color_hover":"","ocean_menu_link_color_active":"","ocean_menu_link_background":"","ocean_menu_link_hover_background":"","ocean_menu_link_active_background":"","ocean_menu_social_links_bg":"","ocean_menu_social_hover_links_bg":"","ocean_menu_social_links_color":"","ocean_menu_social_hover_links_color":"","ocean_disable_title":"on","ocean_disable_heading":"default","ocean_post_title":"","ocean_post_subheading":"","ocean_post_title_style":"","ocean_post_title_background_color":"","ocean_post_title_background":0,"ocean_post_title_bg_image_position":"","ocean_post_title_bg_image_attachment":"","ocean_post_title_bg_image_repeat":"","ocean_post_title_bg_image_size":"","ocean_post_title_height":0,"ocean_post_title_bg_overlay":0.5,"ocean_post_title_bg_overlay_color":"","ocean_disable_breadcrumbs":"default","ocean_breadcrumbs_color":"","ocean_breadcrumbs_separator_color":"","ocean_breadcrumbs_links_color":"","ocean_breadcrumbs_links_hover_color":"","ocean_display_footer_widgets":"off","ocean_display_footer_bottom":"off","ocean_custom_footer_template":"0","footnotes":""},"class_list":["post-44","page","type-page","status-publish","hentry","entry"],"_links":{"self":[{"href":"https:\/\/asveppelheim1959.de\/start\/wp-json\/wp\/v2\/pages\/44","targetHints":{"allow":["GET"]}}],"collection":[{"href":"https:\/\/asveppelheim1959.de\/start\/wp-json\/wp\/v2\/pages"}],"about":[{"href":"https:\/\/asveppelheim1959.de\/start\/wp-json\/wp\/v2\/types\/page"}],"author":[{"embeddable":true,"href":"https:\/\/asveppelheim1959.de\/start\/wp-json\/wp\/v2\/users\/1"}],"replies":[{"embeddable":true,"href":"https:\/\/asveppelheim1959.de\/start\/wp-json\/wp\/v2\/comments?post=44"}],"version-history":[{"count":56,"href":"https:\/\/asveppelheim1959.de\/start\/wp-json\/wp\/v2\/pages\/44\/revisions"}],"predecessor-version":[{"id":655,"href":"https:\/\/asveppelheim1959.de\/start\/wp-json\/wp\/v2\/pages\/44\/revisions\/655"}],"wp:attachment":[{"href":"https:\/\/asveppelheim1959.de\/start\/wp-json\/wp\/v2\/media?parent=44"}],"curies":[{"name":"wp","href":"https:\/\/api.w.org\/{rel}","templated":true}]}}